{"id":16,"date":"2022-10-29T17:14:10","date_gmt":"2022-10-29T17:14:10","guid":{"rendered":"https:\/\/feelstone.rs\/?page_id=16"},"modified":"2023-05-20T18:53:24","modified_gmt":"2023-05-20T18:53:24","slug":"blog","status":"publish","type":"page","link":"https:\/\/feelstone.rs\/?page_id=16","title":{"rendered":"KONTAKT  \/  REZERVACIJE  \/  INFORMACIJE"},"content":{"rendered":"\n<p><strong>MOB: 069 16 05 346  i  062 605 346     mail: office@feelstone.rs    site: feelstone.rs<\/strong><\/p>\n\n\n\n<p><\/p>\n\n\n\n<p>Apartmani FEELSTONE Brze\u0107e nalazi se u Brze\u0107u na oko 1 200m nadmorske visine i deo je kompleksa turisti\u010dkog centra Brze\u0107e. Kopaonik je udaljen 18 km. Moderna gondola je na samo 150m od apartmana i do vrha Kopaonika sti\u017ee za oko 12 minuta.<\/p>\n\n\n\n<p>U ponudi su sme\u0161tajne jedinice za samostalni boravak sa besplatnom WiFi mre\u017eom. Na raspolaganju je skija\u0161nica kao i kori\u0161\u0107enje gara\u017ee i parkinga u skladu sa raspolo\u017eivim kapacitetom.<\/p>\n\n\n\n<p>Moderno name\u0161teni apartmani i studiji ovog objekta imaju parket, TV sa satelitskim kanalima i kuhinju sa fri\u017eiderom i trpezarijskim stolom. Sve jedinice sadr\u017ee sopstveno kupatilo sa tu\u0161em.<\/p>\n\n\n\n<p>U Brze\u0107u se nalaze brojni restorani koji slu\u017ee jela tradicionalne srpske i internacionalne kuhinje.<\/p>\n\n\n\n<p>U okolini se mo\u017eete baviti skijanjem, jahanjem konja i pe\u0161a\u010denjem. Objekat ima ostavu za ski opremu.<\/p>\n\n\n\n<p>28 m\u00b2&nbsp;pogled na planinu&nbsp;Kupatilo u okviru jedinice&nbsp;flat-screen TV&nbsp;Besplatan be\u017ei\u010dni internet<\/p>\n\n\n\n<hr class=\"wp-block-separator has-alpha-channel-opacity\"\/>\n\n\n\n<p>besplatni toaletni pribor\/kuhinja\/sef\/ tu\u0161\/drveni pod ili parket\/pe\u0161kiri\/posteljina\/uti\u010dnica pored kreveta\/TV\/fri\u017eider\/satelitski kanali\/aparat za kafu\/\u010daj\/grejanje\/fen za kosu\/posu\u0111e\/\u010dajna kuhinja\/elektri\u010dno kuvalo\/kablovski kanali \/garderober ili orman\/plo\u010da za kuvanje\/toster\/sto za ru\u010davanje \/ve\u0161alica za ode\u0107u\/krevet na rasklapanje\/toalet papir\/ SKIJA\u0160NICA<\/p>\n\n\n\n<p><strong>MOB: 069 16 05 346  i  062 605 346     mail: office@feelstone.rs    site: feelstone.rs<\/strong><\/p>\n","protected":false},"excerpt":{"rendered":"<p>MOB: 069 16 05 346 i 062 605 346 mail: office@feelstone.rs site: feelstone.rs Apartmani FEELSTONE Brze\u0107e nalazi se u Brze\u0107u na oko 1 200m nadmorske visine i deo je kompleksa turisti\u010dkog centra Brze\u0107e. Kopaonik je udaljen 18 km. Moderna gondola je na samo 150m od apartmana i do vrha Kopaonika sti\u017ee za oko 12 minuta. U ponudi su sme\u0161tajne jedinice za samostalni boravak sa besplatnom WiFi mre\u017eom. Na raspolaganju je skija\u0161nica kao i kori\u0161\u0107enje gara\u017ee i parkinga u skladu sa raspolo\u017eivim kapacitetom. Moderno name\u0161teni apartmani i studiji ovog objekta imaju parket, TV sa satelitskim kanalima i kuhinju sa fri\u017eiderom i<\/p>\n","protected":false},"author":1,"featured_media":0,"parent":0,"menu_order":0,"comment_status":"closed","ping_status":"closed","template":"","meta":{"footnotes":""},"class_list":["post-16","page","type-page","status-publish","hentry"],"_links":{"self":[{"href":"https:\/\/feelstone.rs\/index.php?rest_route=\/wp\/v2\/pages\/16","targetHints":{"allow":["GET"]}}],"collection":[{"href":"https:\/\/feelstone.rs\/index.php?rest_route=\/wp\/v2\/pages"}],"about":[{"href":"https:\/\/feelstone.rs\/index.php?rest_route=\/wp\/v2\/types\/page"}],"author":[{"embeddable":true,"href":"https:\/\/feelstone.rs\/index.php?rest_route=\/wp\/v2\/users\/1"}],"replies":[{"embeddable":true,"href":"https:\/\/feelstone.rs\/index.php?rest_route=%2Fwp%2Fv2%2Fcomments&post=16"}],"version-history":[{"count":4,"href":"https:\/\/feelstone.rs\/index.php?rest_route=\/wp\/v2\/pages\/16\/revisions"}],"predecessor-version":[{"id":787,"href":"https:\/\/feelstone.rs\/index.php?rest_route=\/wp\/v2\/pages\/16\/revisions\/787"}],"wp:attachment":[{"href":"https:\/\/feelstone.rs\/index.php?rest_route=%2Fwp%2Fv2%2Fmedia&parent=16"}],"curies":[{"name":"wp","href":"https:\/\/api.w.org\/{rel}","templated":true}]}}