{"id":231,"date":"2022-11-02T22:54:46","date_gmt":"2022-11-02T22:54:46","guid":{"rendered":"https:\/\/feelstone.rs\/?page_id=231"},"modified":"2023-05-08T17:03:05","modified_gmt":"2023-05-08T17:03:05","slug":"feelstone-white","status":"publish","type":"page","link":"https:\/\/feelstone.rs\/?page_id=231","title":{"rendered":"FEELSTONE  SILVER"},"content":{"rendered":"\n<p>I ovaj planinski apartman je savr\u0161en za one koji tra\u017ee luksuz i udobnost na planini. U\u017eivajte u prostranom i modernom dnevnom boravku s velikim prozorima koji omogu\u0107uju neometan pogled na planine, a u sobama u\u017eivajte u mekanim I udobnim krevetima. Kuhinja je opremljena svim modernim aparatima, a kupatilo je ure\u0111eno sa svim potrebnim detaljima. Apartman tako\u0111e poseduje sve potrebno za nezaboravan boravak u planinskom centru Brze\u0107e.<\/p>\n\n\n\n<figure class=\"wp-block-gallery has-nested-images columns-default is-cropped wp-block-gallery-1 is-layout-flex wp-block-gallery-is-layout-flex\">\n<figure class=\"wp-block-image size-large\"><img decoding=\"async\" width=\"1024\" height=\"683\" data-id=\"392\" src=\"https:\/\/feelstone.rs\/wp-content\/uploads\/2022\/11\/BDJ06662-2-1024x683.jpg\" alt=\"\" class=\"wp-image-392\" srcset=\"https:\/\/feelstone.rs\/wp-content\/uploads\/2022\/11\/BDJ06662-2-1024x683.jpg 1024w, https:\/\/feelstone.rs\/wp-content\/uploads\/2022\/11\/BDJ06662-2-300x200.jpg 300w, https:\/\/feelstone.rs\/wp-content\/uploads\/2022\/11\/BDJ06662-2-768x512.jpg 768w, https:\/\/feelstone.rs\/wp-content\/uploads\/2022\/11\/BDJ06662-2-1536x1025.jpg 1536w, https:\/\/feelstone.rs\/wp-content\/uploads\/2022\/11\/BDJ06662-2-2048x1366.jpg 2048w\" sizes=\"(max-width: 1024px) 100vw, 1024px\" \/><\/figure>\n\n\n\n<figure class=\"wp-block-image size-large\"><img decoding=\"async\" width=\"1024\" height=\"683\" data-id=\"394\" src=\"https:\/\/feelstone.rs\/wp-content\/uploads\/2022\/11\/BDJ06664-1024x683.jpg\" alt=\"\" class=\"wp-image-394\" srcset=\"https:\/\/feelstone.rs\/wp-content\/uploads\/2022\/11\/BDJ06664-1024x683.jpg 1024w, https:\/\/feelstone.rs\/wp-content\/uploads\/2022\/11\/BDJ06664-300x200.jpg 300w, https:\/\/feelstone.rs\/wp-content\/uploads\/2022\/11\/BDJ06664-768x512.jpg 768w, https:\/\/feelstone.rs\/wp-content\/uploads\/2022\/11\/BDJ06664-1536x1025.jpg 1536w, https:\/\/feelstone.rs\/wp-content\/uploads\/2022\/11\/BDJ06664-2048x1366.jpg 2048w\" sizes=\"(max-width: 1024px) 100vw, 1024px\" \/><\/figure>\n\n\n\n<figure class=\"wp-block-image size-large\"><img decoding=\"async\" width=\"1024\" height=\"683\" data-id=\"395\" src=\"https:\/\/feelstone.rs\/wp-content\/uploads\/2022\/11\/BDJ06668-2-1024x683.jpg\" alt=\"\" class=\"wp-image-395\" srcset=\"https:\/\/feelstone.rs\/wp-content\/uploads\/2022\/11\/BDJ06668-2-1024x683.jpg 1024w, https:\/\/feelstone.rs\/wp-content\/uploads\/2022\/11\/BDJ06668-2-300x200.jpg 300w, https:\/\/feelstone.rs\/wp-content\/uploads\/2022\/11\/BDJ06668-2-768x512.jpg 768w, https:\/\/feelstone.rs\/wp-content\/uploads\/2022\/11\/BDJ06668-2-1536x1025.jpg 1536w, https:\/\/feelstone.rs\/wp-content\/uploads\/2022\/11\/BDJ06668-2-2048x1366.jpg 2048w\" sizes=\"(max-width: 1024px) 100vw, 1024px\" \/><\/figure>\n\n\n\n<figure class=\"wp-block-image size-large\"><img decoding=\"async\" width=\"1024\" height=\"683\" data-id=\"396\" src=\"https:\/\/feelstone.rs\/wp-content\/uploads\/2022\/11\/BDJ06670-1024x683.jpg\" alt=\"\" class=\"wp-image-396\" srcset=\"https:\/\/feelstone.rs\/wp-content\/uploads\/2022\/11\/BDJ06670-1024x683.jpg 1024w, https:\/\/feelstone.rs\/wp-content\/uploads\/2022\/11\/BDJ06670-300x200.jpg 300w, https:\/\/feelstone.rs\/wp-content\/uploads\/2022\/11\/BDJ06670-768x512.jpg 768w, https:\/\/feelstone.rs\/wp-content\/uploads\/2022\/11\/BDJ06670-1536x1025.jpg 1536w, https:\/\/feelstone.rs\/wp-content\/uploads\/2022\/11\/BDJ06670-2048x1366.jpg 2048w\" sizes=\"(max-width: 1024px) 100vw, 1024px\" \/><\/figure>\n\n\n\n<figure class=\"wp-block-image size-large\"><img decoding=\"async\" width=\"1024\" height=\"683\" data-id=\"397\" src=\"https:\/\/feelstone.rs\/wp-content\/uploads\/2022\/11\/BDJ06672-1-1024x683.jpg\" alt=\"\" class=\"wp-image-397\" srcset=\"https:\/\/feelstone.rs\/wp-content\/uploads\/2022\/11\/BDJ06672-1-1024x683.jpg 1024w, https:\/\/feelstone.rs\/wp-content\/uploads\/2022\/11\/BDJ06672-1-300x200.jpg 300w, https:\/\/feelstone.rs\/wp-content\/uploads\/2022\/11\/BDJ06672-1-768x512.jpg 768w, https:\/\/feelstone.rs\/wp-content\/uploads\/2022\/11\/BDJ06672-1-1536x1025.jpg 1536w, https:\/\/feelstone.rs\/wp-content\/uploads\/2022\/11\/BDJ06672-1-2048x1366.jpg 2048w\" sizes=\"(max-width: 1024px) 100vw, 1024px\" \/><\/figure>\n\n\n\n<figure class=\"wp-block-image size-large\"><img decoding=\"async\" width=\"1024\" height=\"683\" data-id=\"398\" src=\"https:\/\/feelstone.rs\/wp-content\/uploads\/2022\/11\/BDJ06676-1024x683.jpg\" alt=\"\" class=\"wp-image-398\" srcset=\"https:\/\/feelstone.rs\/wp-content\/uploads\/2022\/11\/BDJ06676-1024x683.jpg 1024w, https:\/\/feelstone.rs\/wp-content\/uploads\/2022\/11\/BDJ06676-300x200.jpg 300w, https:\/\/feelstone.rs\/wp-content\/uploads\/2022\/11\/BDJ06676-768x512.jpg 768w, https:\/\/feelstone.rs\/wp-content\/uploads\/2022\/11\/BDJ06676-1536x1025.jpg 1536w, https:\/\/feelstone.rs\/wp-content\/uploads\/2022\/11\/BDJ06676-2048x1366.jpg 2048w\" sizes=\"(max-width: 1024px) 100vw, 1024px\" \/><\/figure>\n\n\n\n<figure class=\"wp-block-image size-large\"><img decoding=\"async\" width=\"1024\" height=\"683\" data-id=\"399\" src=\"https:\/\/feelstone.rs\/wp-content\/uploads\/2022\/11\/BDJ06684-1024x683.jpg\" alt=\"\" class=\"wp-image-399\" srcset=\"https:\/\/feelstone.rs\/wp-content\/uploads\/2022\/11\/BDJ06684-1024x683.jpg 1024w, https:\/\/feelstone.rs\/wp-content\/uploads\/2022\/11\/BDJ06684-300x200.jpg 300w, https:\/\/feelstone.rs\/wp-content\/uploads\/2022\/11\/BDJ06684-768x512.jpg 768w, https:\/\/feelstone.rs\/wp-content\/uploads\/2022\/11\/BDJ06684-1536x1025.jpg 1536w, https:\/\/feelstone.rs\/wp-content\/uploads\/2022\/11\/BDJ06684-2048x1366.jpg 2048w\" sizes=\"(max-width: 1024px) 100vw, 1024px\" \/><\/figure>\n\n\n\n<figure class=\"wp-block-image size-large\"><img decoding=\"async\" width=\"1024\" height=\"683\" data-id=\"400\" src=\"https:\/\/feelstone.rs\/wp-content\/uploads\/2022\/11\/BDJ06686ps-1-1024x683.jpg\" alt=\"\" class=\"wp-image-400\" srcset=\"https:\/\/feelstone.rs\/wp-content\/uploads\/2022\/11\/BDJ06686ps-1-1024x683.jpg 1024w, https:\/\/feelstone.rs\/wp-content\/uploads\/2022\/11\/BDJ06686ps-1-300x200.jpg 300w, https:\/\/feelstone.rs\/wp-content\/uploads\/2022\/11\/BDJ06686ps-1-768x512.jpg 768w, https:\/\/feelstone.rs\/wp-content\/uploads\/2022\/11\/BDJ06686ps-1-1536x1025.jpg 1536w, https:\/\/feelstone.rs\/wp-content\/uploads\/2022\/11\/BDJ06686ps-1-2048x1366.jpg 2048w\" sizes=\"(max-width: 1024px) 100vw, 1024px\" \/><\/figure>\n\n\n\n<figure class=\"wp-block-image size-large\"><img decoding=\"async\" width=\"1024\" height=\"683\" data-id=\"401\" src=\"https:\/\/feelstone.rs\/wp-content\/uploads\/2022\/11\/BDJ06690-1-1024x683.jpg\" alt=\"\" class=\"wp-image-401\" srcset=\"https:\/\/feelstone.rs\/wp-content\/uploads\/2022\/11\/BDJ06690-1-1024x683.jpg 1024w, https:\/\/feelstone.rs\/wp-content\/uploads\/2022\/11\/BDJ06690-1-300x200.jpg 300w, https:\/\/feelstone.rs\/wp-content\/uploads\/2022\/11\/BDJ06690-1-768x512.jpg 768w, https:\/\/feelstone.rs\/wp-content\/uploads\/2022\/11\/BDJ06690-1-1536x1025.jpg 1536w, https:\/\/feelstone.rs\/wp-content\/uploads\/2022\/11\/BDJ06690-1-2048x1366.jpg 2048w\" sizes=\"(max-width: 1024px) 100vw, 1024px\" \/><\/figure>\n\n\n\n<figure class=\"wp-block-image size-large\"><img decoding=\"async\" width=\"1024\" height=\"683\" data-id=\"403\" src=\"https:\/\/feelstone.rs\/wp-content\/uploads\/2022\/11\/BDJ06692-1-1024x683.jpg\" alt=\"\" class=\"wp-image-403\" srcset=\"https:\/\/feelstone.rs\/wp-content\/uploads\/2022\/11\/BDJ06692-1-1024x683.jpg 1024w, https:\/\/feelstone.rs\/wp-content\/uploads\/2022\/11\/BDJ06692-1-300x200.jpg 300w, https:\/\/feelstone.rs\/wp-content\/uploads\/2022\/11\/BDJ06692-1-768x512.jpg 768w, https:\/\/feelstone.rs\/wp-content\/uploads\/2022\/11\/BDJ06692-1-1536x1025.jpg 1536w, https:\/\/feelstone.rs\/wp-content\/uploads\/2022\/11\/BDJ06692-1-2048x1366.jpg 2048w\" sizes=\"(max-width: 1024px) 100vw, 1024px\" \/><\/figure>\n\n\n\n<figure class=\"wp-block-image size-large\"><img decoding=\"async\" width=\"1024\" height=\"683\" data-id=\"404\" src=\"https:\/\/feelstone.rs\/wp-content\/uploads\/2022\/11\/BDJ06693-1024x683.jpg\" alt=\"\" class=\"wp-image-404\" srcset=\"https:\/\/feelstone.rs\/wp-content\/uploads\/2022\/11\/BDJ06693-1024x683.jpg 1024w, https:\/\/feelstone.rs\/wp-content\/uploads\/2022\/11\/BDJ06693-300x200.jpg 300w, https:\/\/feelstone.rs\/wp-content\/uploads\/2022\/11\/BDJ06693-768x512.jpg 768w, https:\/\/feelstone.rs\/wp-content\/uploads\/2022\/11\/BDJ06693-1536x1025.jpg 1536w, https:\/\/feelstone.rs\/wp-content\/uploads\/2022\/11\/BDJ06693-2048x1366.jpg 2048w\" sizes=\"(max-width: 1024px) 100vw, 1024px\" \/><\/figure>\n\n\n\n<figure class=\"wp-block-image size-large\"><img decoding=\"async\" width=\"1024\" height=\"683\" data-id=\"405\" src=\"https:\/\/feelstone.rs\/wp-content\/uploads\/2022\/11\/BDJ06696-1024x683.jpg\" alt=\"\" class=\"wp-image-405\" srcset=\"https:\/\/feelstone.rs\/wp-content\/uploads\/2022\/11\/BDJ06696-1024x683.jpg 1024w, https:\/\/feelstone.rs\/wp-content\/uploads\/2022\/11\/BDJ06696-300x200.jpg 300w, https:\/\/feelstone.rs\/wp-content\/uploads\/2022\/11\/BDJ06696-768x512.jpg 768w, https:\/\/feelstone.rs\/wp-content\/uploads\/2022\/11\/BDJ06696-1536x1025.jpg 1536w, https:\/\/feelstone.rs\/wp-content\/uploads\/2022\/11\/BDJ06696-2048x1366.jpg 2048w\" sizes=\"(max-width: 1024px) 100vw, 1024px\" \/><\/figure>\n\n\n\n<figure class=\"wp-block-image size-large\"><img decoding=\"async\" width=\"1024\" height=\"683\" data-id=\"406\" src=\"https:\/\/feelstone.rs\/wp-content\/uploads\/2022\/11\/BDJ06700-1024x683.jpg\" alt=\"\" class=\"wp-image-406\" srcset=\"https:\/\/feelstone.rs\/wp-content\/uploads\/2022\/11\/BDJ06700-1024x683.jpg 1024w, https:\/\/feelstone.rs\/wp-content\/uploads\/2022\/11\/BDJ06700-300x200.jpg 300w, https:\/\/feelstone.rs\/wp-content\/uploads\/2022\/11\/BDJ06700-768x512.jpg 768w, https:\/\/feelstone.rs\/wp-content\/uploads\/2022\/11\/BDJ06700-1536x1025.jpg 1536w, https:\/\/feelstone.rs\/wp-content\/uploads\/2022\/11\/BDJ06700-2048x1366.jpg 2048w\" sizes=\"(max-width: 1024px) 100vw, 1024px\" \/><\/figure>\n\n\n\n<figure class=\"wp-block-image size-large\"><img decoding=\"async\" width=\"1024\" height=\"683\" data-id=\"407\" src=\"https:\/\/feelstone.rs\/wp-content\/uploads\/2022\/11\/BDJ06702-1024x683.jpg\" alt=\"\" class=\"wp-image-407\" srcset=\"https:\/\/feelstone.rs\/wp-content\/uploads\/2022\/11\/BDJ06702-1024x683.jpg 1024w, https:\/\/feelstone.rs\/wp-content\/uploads\/2022\/11\/BDJ06702-300x200.jpg 300w, https:\/\/feelstone.rs\/wp-content\/uploads\/2022\/11\/BDJ06702-768x512.jpg 768w, https:\/\/feelstone.rs\/wp-content\/uploads\/2022\/11\/BDJ06702-1536x1025.jpg 1536w, https:\/\/feelstone.rs\/wp-content\/uploads\/2022\/11\/BDJ06702-2048x1366.jpg 2048w\" sizes=\"(max-width: 1024px) 100vw, 1024px\" \/><\/figure>\n\n\n\n<figure class=\"wp-block-image size-large\"><img decoding=\"async\" width=\"1024\" height=\"683\" data-id=\"408\" src=\"https:\/\/feelstone.rs\/wp-content\/uploads\/2022\/11\/BDJ06737-1024x683.jpg\" alt=\"\" class=\"wp-image-408\" srcset=\"https:\/\/feelstone.rs\/wp-content\/uploads\/2022\/11\/BDJ06737-1024x683.jpg 1024w, https:\/\/feelstone.rs\/wp-content\/uploads\/2022\/11\/BDJ06737-300x200.jpg 300w, https:\/\/feelstone.rs\/wp-content\/uploads\/2022\/11\/BDJ06737-768x512.jpg 768w, https:\/\/feelstone.rs\/wp-content\/uploads\/2022\/11\/BDJ06737-1536x1025.jpg 1536w, https:\/\/feelstone.rs\/wp-content\/uploads\/2022\/11\/BDJ06737-2048x1366.jpg 2048w\" sizes=\"(max-width: 1024px) 100vw, 1024px\" \/><\/figure>\n\n\n\n<figure class=\"wp-block-image size-large\"><img decoding=\"async\" width=\"683\" height=\"1024\" data-id=\"409\" src=\"https:\/\/feelstone.rs\/wp-content\/uploads\/2022\/11\/BDJ06741-683x1024.jpg\" alt=\"\" class=\"wp-image-409\" srcset=\"https:\/\/feelstone.rs\/wp-content\/uploads\/2022\/11\/BDJ06741-683x1024.jpg 683w, https:\/\/feelstone.rs\/wp-content\/uploads\/2022\/11\/BDJ06741-200x300.jpg 200w, https:\/\/feelstone.rs\/wp-content\/uploads\/2022\/11\/BDJ06741-768x1151.jpg 768w, https:\/\/feelstone.rs\/wp-content\/uploads\/2022\/11\/BDJ06741-1025x1536.jpg 1025w, https:\/\/feelstone.rs\/wp-content\/uploads\/2022\/11\/BDJ06741-1366x2048.jpg 1366w, https:\/\/feelstone.rs\/wp-content\/uploads\/2022\/11\/BDJ06741-scaled.jpg 1708w\" sizes=\"(max-width: 683px) 100vw, 683px\" \/><\/figure>\n\n\n\n<figure class=\"wp-block-image size-large\"><img decoding=\"async\" width=\"1024\" height=\"683\" data-id=\"410\" src=\"https:\/\/feelstone.rs\/wp-content\/uploads\/2022\/11\/BDJ06765-1024x683.jpg\" alt=\"\" class=\"wp-image-410\" srcset=\"https:\/\/feelstone.rs\/wp-content\/uploads\/2022\/11\/BDJ06765-1024x683.jpg 1024w, https:\/\/feelstone.rs\/wp-content\/uploads\/2022\/11\/BDJ06765-300x200.jpg 300w, https:\/\/feelstone.rs\/wp-content\/uploads\/2022\/11\/BDJ06765-768x512.jpg 768w, https:\/\/feelstone.rs\/wp-content\/uploads\/2022\/11\/BDJ06765-1536x1025.jpg 1536w, https:\/\/feelstone.rs\/wp-content\/uploads\/2022\/11\/BDJ06765-2048x1366.jpg 2048w\" sizes=\"(max-width: 1024px) 100vw, 1024px\" \/><\/figure>\n\n\n\n<figure class=\"wp-block-image size-large\"><img decoding=\"async\" width=\"1024\" height=\"683\" data-id=\"411\" src=\"https:\/\/feelstone.rs\/wp-content\/uploads\/2022\/11\/BDJ06770-1024x683.jpg\" alt=\"\" class=\"wp-image-411\" srcset=\"https:\/\/feelstone.rs\/wp-content\/uploads\/2022\/11\/BDJ06770-1024x683.jpg 1024w, https:\/\/feelstone.rs\/wp-content\/uploads\/2022\/11\/BDJ06770-300x200.jpg 300w, https:\/\/feelstone.rs\/wp-content\/uploads\/2022\/11\/BDJ06770-768x512.jpg 768w, https:\/\/feelstone.rs\/wp-content\/uploads\/2022\/11\/BDJ06770-1536x1025.jpg 1536w, https:\/\/feelstone.rs\/wp-content\/uploads\/2022\/11\/BDJ06770-2048x1366.jpg 2048w\" sizes=\"(max-width: 1024px) 100vw, 1024px\" \/><\/figure>\n\n\n\n<figure class=\"wp-block-image size-large\"><img decoding=\"async\" width=\"1024\" height=\"683\" data-id=\"412\" src=\"https:\/\/feelstone.rs\/wp-content\/uploads\/2022\/11\/BDJ06776-1024x683.jpg\" alt=\"\" class=\"wp-image-412\" srcset=\"https:\/\/feelstone.rs\/wp-content\/uploads\/2022\/11\/BDJ06776-1024x683.jpg 1024w, https:\/\/feelstone.rs\/wp-content\/uploads\/2022\/11\/BDJ06776-300x200.jpg 300w, https:\/\/feelstone.rs\/wp-content\/uploads\/2022\/11\/BDJ06776-768x512.jpg 768w, https:\/\/feelstone.rs\/wp-content\/uploads\/2022\/11\/BDJ06776-1536x1025.jpg 1536w, https:\/\/feelstone.rs\/wp-content\/uploads\/2022\/11\/BDJ06776-2048x1366.jpg 2048w\" sizes=\"(max-width: 1024px) 100vw, 1024px\" \/><\/figure>\n\n\n\n<figure class=\"wp-block-image size-large\"><img decoding=\"async\" width=\"1024\" height=\"683\" data-id=\"413\" src=\"https:\/\/feelstone.rs\/wp-content\/uploads\/2022\/11\/BDJ06778-1024x683.jpg\" alt=\"\" class=\"wp-image-413\" srcset=\"https:\/\/feelstone.rs\/wp-content\/uploads\/2022\/11\/BDJ06778-1024x683.jpg 1024w, https:\/\/feelstone.rs\/wp-content\/uploads\/2022\/11\/BDJ06778-300x200.jpg 300w, https:\/\/feelstone.rs\/wp-content\/uploads\/2022\/11\/BDJ06778-768x512.jpg 768w, https:\/\/feelstone.rs\/wp-content\/uploads\/2022\/11\/BDJ06778-1536x1025.jpg 1536w, https:\/\/feelstone.rs\/wp-content\/uploads\/2022\/11\/BDJ06778-2048x1366.jpg 2048w\" sizes=\"(max-width: 1024px) 100vw, 1024px\" \/><\/figure>\n\n\n\n<figure class=\"wp-block-image size-large\"><img decoding=\"async\" width=\"1024\" height=\"683\" data-id=\"414\" src=\"https:\/\/feelstone.rs\/wp-content\/uploads\/2022\/11\/BDJ06785-1024x683.jpg\" alt=\"\" class=\"wp-image-414\" srcset=\"https:\/\/feelstone.rs\/wp-content\/uploads\/2022\/11\/BDJ06785-1024x683.jpg 1024w, https:\/\/feelstone.rs\/wp-content\/uploads\/2022\/11\/BDJ06785-300x200.jpg 300w, https:\/\/feelstone.rs\/wp-content\/uploads\/2022\/11\/BDJ06785-768x512.jpg 768w, https:\/\/feelstone.rs\/wp-content\/uploads\/2022\/11\/BDJ06785-1536x1025.jpg 1536w, https:\/\/feelstone.rs\/wp-content\/uploads\/2022\/11\/BDJ06785-2048x1366.jpg 2048w\" sizes=\"(max-width: 1024px) 100vw, 1024px\" \/><\/figure>\n\n\n\n<figure class=\"wp-block-image size-large\"><img decoding=\"async\" width=\"1024\" height=\"683\" data-id=\"416\" src=\"https:\/\/feelstone.rs\/wp-content\/uploads\/2022\/11\/BDJ06790-1024x683.jpg\" alt=\"\" class=\"wp-image-416\" srcset=\"https:\/\/feelstone.rs\/wp-content\/uploads\/2022\/11\/BDJ06790-1024x683.jpg 1024w, https:\/\/feelstone.rs\/wp-content\/uploads\/2022\/11\/BDJ06790-300x200.jpg 300w, https:\/\/feelstone.rs\/wp-content\/uploads\/2022\/11\/BDJ06790-768x512.jpg 768w, https:\/\/feelstone.rs\/wp-content\/uploads\/2022\/11\/BDJ06790-1536x1025.jpg 1536w, https:\/\/feelstone.rs\/wp-content\/uploads\/2022\/11\/BDJ06790-2048x1366.jpg 2048w\" sizes=\"(max-width: 1024px) 100vw, 1024px\" \/><\/figure>\n\n\n\n<figure class=\"wp-block-image size-large\"><img decoding=\"async\" width=\"1024\" height=\"683\" data-id=\"417\" src=\"https:\/\/feelstone.rs\/wp-content\/uploads\/2022\/11\/BDJ06793-1024x683.jpg\" alt=\"\" class=\"wp-image-417\" srcset=\"https:\/\/feelstone.rs\/wp-content\/uploads\/2022\/11\/BDJ06793-1024x683.jpg 1024w, https:\/\/feelstone.rs\/wp-content\/uploads\/2022\/11\/BDJ06793-300x200.jpg 300w, https:\/\/feelstone.rs\/wp-content\/uploads\/2022\/11\/BDJ06793-768x512.jpg 768w, https:\/\/feelstone.rs\/wp-content\/uploads\/2022\/11\/BDJ06793-1536x1025.jpg 1536w, https:\/\/feelstone.rs\/wp-content\/uploads\/2022\/11\/BDJ06793-2048x1366.jpg 2048w\" sizes=\"(max-width: 1024px) 100vw, 1024px\" \/><\/figure>\n\n\n\n<figure class=\"wp-block-image size-large\"><img decoding=\"async\" width=\"1024\" height=\"683\" data-id=\"418\" src=\"https:\/\/feelstone.rs\/wp-content\/uploads\/2022\/11\/BDJ06799-1024x683.jpg\" alt=\"\" class=\"wp-image-418\" srcset=\"https:\/\/feelstone.rs\/wp-content\/uploads\/2022\/11\/BDJ06799-1024x683.jpg 1024w, https:\/\/feelstone.rs\/wp-content\/uploads\/2022\/11\/BDJ06799-300x200.jpg 300w, https:\/\/feelstone.rs\/wp-content\/uploads\/2022\/11\/BDJ06799-768x512.jpg 768w, https:\/\/feelstone.rs\/wp-content\/uploads\/2022\/11\/BDJ06799-1536x1025.jpg 1536w, https:\/\/feelstone.rs\/wp-content\/uploads\/2022\/11\/BDJ06799-2048x1366.jpg 2048w\" sizes=\"(max-width: 1024px) 100vw, 1024px\" \/><\/figure>\n\n\n\n<figure class=\"wp-block-image size-large\"><img decoding=\"async\" width=\"1024\" height=\"683\" data-id=\"419\" src=\"https:\/\/feelstone.rs\/wp-content\/uploads\/2022\/11\/BDJ06811-1024x683.jpg\" alt=\"\" class=\"wp-image-419\" srcset=\"https:\/\/feelstone.rs\/wp-content\/uploads\/2022\/11\/BDJ06811-1024x683.jpg 1024w, https:\/\/feelstone.rs\/wp-content\/uploads\/2022\/11\/BDJ06811-300x200.jpg 300w, https:\/\/feelstone.rs\/wp-content\/uploads\/2022\/11\/BDJ06811-768x512.jpg 768w, https:\/\/feelstone.rs\/wp-content\/uploads\/2022\/11\/BDJ06811-1536x1025.jpg 1536w, https:\/\/feelstone.rs\/wp-content\/uploads\/2022\/11\/BDJ06811-2048x1366.jpg 2048w\" sizes=\"(max-width: 1024px) 100vw, 1024px\" \/><\/figure>\n\n\n\n<figure class=\"wp-block-image size-large\"><img decoding=\"async\" width=\"1024\" height=\"683\" data-id=\"420\" src=\"https:\/\/feelstone.rs\/wp-content\/uploads\/2022\/11\/BDJ06817-1024x683.jpg\" alt=\"\" class=\"wp-image-420\" srcset=\"https:\/\/feelstone.rs\/wp-content\/uploads\/2022\/11\/BDJ06817-1024x683.jpg 1024w, https:\/\/feelstone.rs\/wp-content\/uploads\/2022\/11\/BDJ06817-300x200.jpg 300w, https:\/\/feelstone.rs\/wp-content\/uploads\/2022\/11\/BDJ06817-768x512.jpg 768w, https:\/\/feelstone.rs\/wp-content\/uploads\/2022\/11\/BDJ06817-1536x1025.jpg 1536w, https:\/\/feelstone.rs\/wp-content\/uploads\/2022\/11\/BDJ06817-2048x1366.jpg 2048w\" sizes=\"(max-width: 1024px) 100vw, 1024px\" \/><\/figure>\n\n\n\n<figure class=\"wp-block-image size-large\"><img decoding=\"async\" width=\"683\" height=\"1024\" data-id=\"421\" src=\"https:\/\/feelstone.rs\/wp-content\/uploads\/2022\/11\/BDJ06827-683x1024.jpg\" alt=\"\" class=\"wp-image-421\" srcset=\"https:\/\/feelstone.rs\/wp-content\/uploads\/2022\/11\/BDJ06827-683x1024.jpg 683w, https:\/\/feelstone.rs\/wp-content\/uploads\/2022\/11\/BDJ06827-200x300.jpg 200w, https:\/\/feelstone.rs\/wp-content\/uploads\/2022\/11\/BDJ06827-768x1151.jpg 768w, https:\/\/feelstone.rs\/wp-content\/uploads\/2022\/11\/BDJ06827-1025x1536.jpg 1025w, https:\/\/feelstone.rs\/wp-content\/uploads\/2022\/11\/BDJ06827-1366x2048.jpg 1366w, https:\/\/feelstone.rs\/wp-content\/uploads\/2022\/11\/BDJ06827-scaled.jpg 1708w\" sizes=\"(max-width: 683px) 100vw, 683px\" \/><\/figure>\n\n\n\n<figure class=\"wp-block-image size-large\"><img decoding=\"async\" width=\"1024\" height=\"768\" data-id=\"423\" src=\"https:\/\/feelstone.rs\/wp-content\/uploads\/2022\/11\/20210809_200705-1-1024x768.jpg\" alt=\"\" class=\"wp-image-423\" srcset=\"https:\/\/feelstone.rs\/wp-content\/uploads\/2022\/11\/20210809_200705-1-1024x768.jpg 1024w, https:\/\/feelstone.rs\/wp-content\/uploads\/2022\/11\/20210809_200705-1-300x225.jpg 300w, https:\/\/feelstone.rs\/wp-content\/uploads\/2022\/11\/20210809_200705-1-768x576.jpg 768w, https:\/\/feelstone.rs\/wp-content\/uploads\/2022\/11\/20210809_200705-1-1536x1152.jpg 1536w, https:\/\/feelstone.rs\/wp-content\/uploads\/2022\/11\/20210809_200705-1-2048x1536.jpg 2048w\" sizes=\"(max-width: 1024px) 100vw, 1024px\" \/><\/figure>\n<\/figure>\n","protected":false},"excerpt":{"rendered":"<p>I ovaj planinski apartman je savr\u0161en za one koji tra\u017ee luksuz i udobnost na planini. U\u017eivajte u prostranom i modernom dnevnom boravku s velikim prozorima koji omogu\u0107uju neometan pogled na planine, a u sobama u\u017eivajte u mekanim I udobnim krevetima. Kuhinja je opremljena svim modernim aparatima, a kupatilo je ure\u0111eno sa svim potrebnim detaljima. Apartman tako\u0111e poseduje sve potrebno za nezaboravan boravak u planinskom centru Brze\u0107e.<\/p>\n","protected":false},"author":1,"featured_media":0,"parent":0,"menu_order":0,"comment_status":"closed","ping_status":"closed","template":"","meta":{"footnotes":""},"class_list":["post-231","page","type-page","status-publish","hentry"],"_links":{"self":[{"href":"https:\/\/feelstone.rs\/index.php?rest_route=\/wp\/v2\/pages\/231","targetHints":{"allow":["GET"]}}],"collection":[{"href":"https:\/\/feelstone.rs\/index.php?rest_route=\/wp\/v2\/pages"}],"about":[{"href":"https:\/\/feelstone.rs\/index.php?rest_route=\/wp\/v2\/types\/page"}],"author":[{"embeddable":true,"href":"https:\/\/feelstone.rs\/index.php?rest_route=\/wp\/v2\/users\/1"}],"replies":[{"embeddable":true,"href":"https:\/\/feelstone.rs\/index.php?rest_route=%2Fwp%2Fv2%2Fcomments&post=231"}],"version-history":[{"count":9,"href":"https:\/\/feelstone.rs\/index.php?rest_route=\/wp\/v2\/pages\/231\/revisions"}],"predecessor-version":[{"id":682,"href":"https:\/\/feelstone.rs\/index.php?rest_route=\/wp\/v2\/pages\/231\/revisions\/682"}],"wp:attachment":[{"href":"https:\/\/feelstone.rs\/index.php?rest_route=%2Fwp%2Fv2%2Fmedia&parent=231"}],"curies":[{"name":"wp","href":"https:\/\/api.w.org\/{rel}","templated":true}]}}