{"id":35,"date":"2022-10-30T19:02:00","date_gmt":"2022-10-30T19:02:00","guid":{"rendered":"https:\/\/feelstone.rs\/?page_id=35"},"modified":"2022-11-12T09:58:49","modified_gmt":"2022-11-12T09:58:49","slug":"apartmani","status":"publish","type":"page","link":"https:\/\/feelstone.rs\/?page_id=35","title":{"rendered":"APARTMANI"},"content":{"rendered":"\n<p>Apartmani &#8220;FeelSTONE&#8221; Brze\u0107e nalaze  se u Brze\u0107u na oko 1 200m nadmorske visine i deo je kompleksa turisti\u010dkog centra Brze\u0107e. Kopaonik je udaljen 18 km. Moderna gondola je na samo 150m od apartmana i do vrha Kopaonika sti\u017ee za oko 12 minuta.<\/p>\n\n\n\n<p>U ponudi su sme\u0161tajne jedinice za samostalni boravak sa besplatnom WiFi mre\u017eom. Na raspolaganju je skija\u0161nica kao i kori\u0161\u0107enje gara\u017ee i parkinga u skladu sa raspolo\u017eivim kapacitetom.<\/p>\n\n\n\n<p>Moderno name\u0161teni apartmani i studiji ovog objekta imaju parket, TV sa satelitskim kanalima i kuhinju sa fri\u017eiderom i trpezarijskim stolom. Sve jedinice sadr\u017ee sopstveno kupatilo sa tu\u0161em.<\/p>\n\n\n\n<p>U Brze\u0107u se nalaze brojni restorani koji slu\u017ee jela tradicionalne srpske i internacionalne kuhinje.<\/p>\n\n\n\n<p>U okolini se mo\u017eete baviti skijanjem, jahanjem konja i pe\u0161a\u010denjem. Objekat ima ostavu za ski opremu.<\/p>\n\n\n\n<p>28 m\u00b2&nbsp;pogled na planinu&nbsp;Kupatilo u okviru jedinice&nbsp;flat-screen TV&nbsp;Besplatan be\u017ei\u010dni internet<\/p>\n\n\n\n<hr class=\"wp-block-separator has-alpha-channel-opacity\"\/>\n\n\n\n<p>Besplatni toaletni pribor\/kuhinja\/sef\/ tu\u0161\/drveni pod ili parket\/pe\u0161kiri\/posteljina\/uti\u010dnica pored kreveta\/TV\/fri\u017eider\/satelitski kanali\/aparat za kafu\/\u010daj\/grejanje\/fen za kosu\/posu\u0111e\/\u010dajna kuhinja\/elektri\u010dno kuvalo\/kablovski kanali \/garderober ili orman\/plo\u010da za kuvanje\/toster\/sto za ru\u010davanje \/ve\u0161alica za ode\u0107u\/krevet na rasklapanje\/toalet papir\/ SKIJA\u0160NICA<\/p>\n\n\n\n<p><\/p>\n\n\n\n<figure class=\"wp-block-gallery has-nested-images columns-default is-cropped wp-block-gallery-1 is-layout-flex wp-block-gallery-is-layout-flex\">\n<figure class=\"wp-block-image size-large\"><img decoding=\"async\" width=\"1024\" height=\"683\" data-id=\"475\" src=\"https:\/\/feelstone.rs\/wp-content\/uploads\/2022\/11\/BDJ06746-1-1024x683.jpg\" alt=\"\" class=\"wp-image-475\" srcset=\"https:\/\/feelstone.rs\/wp-content\/uploads\/2022\/11\/BDJ06746-1-1024x683.jpg 1024w, https:\/\/feelstone.rs\/wp-content\/uploads\/2022\/11\/BDJ06746-1-300x200.jpg 300w, https:\/\/feelstone.rs\/wp-content\/uploads\/2022\/11\/BDJ06746-1-768x512.jpg 768w, https:\/\/feelstone.rs\/wp-content\/uploads\/2022\/11\/BDJ06746-1-1536x1025.jpg 1536w, https:\/\/feelstone.rs\/wp-content\/uploads\/2022\/11\/BDJ06746-1-2048x1366.jpg 2048w\" sizes=\"(max-width: 1024px) 100vw, 1024px\" \/><\/figure>\n\n\n\n<figure class=\"wp-block-image size-large\"><img decoding=\"async\" width=\"1024\" height=\"746\" data-id=\"476\" src=\"https:\/\/feelstone.rs\/wp-content\/uploads\/2022\/11\/Gondola-Brzece-Mali-Karaman-Kopaonik-3-1024x746-1.jpg\" alt=\"\" class=\"wp-image-476\" srcset=\"https:\/\/feelstone.rs\/wp-content\/uploads\/2022\/11\/Gondola-Brzece-Mali-Karaman-Kopaonik-3-1024x746-1.jpg 1024w, https:\/\/feelstone.rs\/wp-content\/uploads\/2022\/11\/Gondola-Brzece-Mali-Karaman-Kopaonik-3-1024x746-1-300x219.jpg 300w, https:\/\/feelstone.rs\/wp-content\/uploads\/2022\/11\/Gondola-Brzece-Mali-Karaman-Kopaonik-3-1024x746-1-768x560.jpg 768w\" sizes=\"(max-width: 1024px) 100vw, 1024px\" \/><\/figure>\n\n\n\n<figure class=\"wp-block-image size-large\"><img decoding=\"async\" width=\"1024\" height=\"768\" data-id=\"477\" src=\"https:\/\/feelstone.rs\/wp-content\/uploads\/2022\/11\/20210911_164433-1024x768.jpg\" alt=\"\" class=\"wp-image-477\" srcset=\"https:\/\/feelstone.rs\/wp-content\/uploads\/2022\/11\/20210911_164433-1024x768.jpg 1024w, https:\/\/feelstone.rs\/wp-content\/uploads\/2022\/11\/20210911_164433-300x225.jpg 300w, https:\/\/feelstone.rs\/wp-content\/uploads\/2022\/11\/20210911_164433-768x576.jpg 768w, https:\/\/feelstone.rs\/wp-content\/uploads\/2022\/11\/20210911_164433-1536x1152.jpg 1536w, https:\/\/feelstone.rs\/wp-content\/uploads\/2022\/11\/20210911_164433-2048x1536.jpg 2048w\" sizes=\"(max-width: 1024px) 100vw, 1024px\" \/><\/figure>\n<\/figure>\n","protected":false},"excerpt":{"rendered":"<p>Apartmani &#8220;FeelSTONE&#8221; Brze\u0107e nalaze se u Brze\u0107u na oko 1 200m nadmorske visine i deo je kompleksa turisti\u010dkog centra Brze\u0107e. Kopaonik je udaljen 18 km. Moderna gondola je na samo 150m od apartmana i do vrha Kopaonika sti\u017ee za oko 12 minuta. U ponudi su sme\u0161tajne jedinice za samostalni boravak sa besplatnom WiFi mre\u017eom. Na raspolaganju je skija\u0161nica kao i kori\u0161\u0107enje gara\u017ee i parkinga u skladu sa raspolo\u017eivim kapacitetom. Moderno name\u0161teni apartmani i studiji ovog objekta imaju parket, TV sa satelitskim kanalima i kuhinju sa fri\u017eiderom i trpezarijskim stolom. Sve jedinice sadr\u017ee sopstveno kupatilo sa tu\u0161em. U Brze\u0107u se nalaze<\/p>\n","protected":false},"author":1,"featured_media":469,"parent":0,"menu_order":0,"comment_status":"closed","ping_status":"closed","template":"","meta":{"footnotes":""},"class_list":["post-35","page","type-page","status-publish","has-post-thumbnail","hentry"],"_links":{"self":[{"href":"https:\/\/feelstone.rs\/index.php?rest_route=\/wp\/v2\/pages\/35","targetHints":{"allow":["GET"]}}],"collection":[{"href":"https:\/\/feelstone.rs\/index.php?rest_route=\/wp\/v2\/pages"}],"about":[{"href":"https:\/\/feelstone.rs\/index.php?rest_route=\/wp\/v2\/types\/page"}],"author":[{"embeddable":true,"href":"https:\/\/feelstone.rs\/index.php?rest_route=\/wp\/v2\/users\/1"}],"replies":[{"embeddable":true,"href":"https:\/\/feelstone.rs\/index.php?rest_route=%2Fwp%2Fv2%2Fcomments&post=35"}],"version-history":[{"count":3,"href":"https:\/\/feelstone.rs\/index.php?rest_route=\/wp\/v2\/pages\/35\/revisions"}],"predecessor-version":[{"id":478,"href":"https:\/\/feelstone.rs\/index.php?rest_route=\/wp\/v2\/pages\/35\/revisions\/478"}],"wp:featuredmedia":[{"embeddable":true,"href":"https:\/\/feelstone.rs\/index.php?rest_route=\/wp\/v2\/media\/469"}],"wp:attachment":[{"href":"https:\/\/feelstone.rs\/index.php?rest_route=%2Fwp%2Fv2%2Fmedia&parent=35"}],"curies":[{"name":"wp","href":"https:\/\/api.w.org\/{rel}","templated":true}]}}