{"id":38,"date":"2022-10-30T19:02:00","date_gmt":"2022-10-30T19:02:00","guid":{"rendered":"https:\/\/feelstone.rs\/?page_id=38"},"modified":"2023-06-11T18:14:07","modified_gmt":"2023-06-11T18:14:07","slug":"kamen","status":"publish","type":"page","link":"https:\/\/feelstone.rs\/?page_id=38","title":{"rendered":""},"content":{"rendered":"\n<p>KAMEN<\/p>\n\n\n\n<div class=\"wp-block-columns is-layout-flex wp-container-core-columns-is-layout-28f84493 wp-block-columns-is-layout-flex\">\n<div class=\"wp-block-column is-layout-flow wp-block-column-is-layout-flow\" style=\"flex-basis:100%\">\n<div class=\"wp-block-group alignfull is-layout-constrained wp-block-group-is-layout-constrained\">\n<p>Dekorativni kamen je savr\u0161en materijal za oblikovanje stolova, \u010desmi i poplo\u010davanje staza u va\u0161em dvori\u0161tu. Ovaj prirodni materijal ima neverojatnu lepotu i dugove\u010dnost, tako da \u0107e u va\u0161em prostoru stvoriti dopadljiv i elegantan izgled.<\/p>\n\n\n\n<p>Kori\u0161tenje dekorativnog kamena za stolove omogu\u0107uje Vam da stvorite jedinstveni komad name\u0161taja. Ovaj materijal dolazi u razli\u010ditim bojama i teksturama, pa mo\u017eete odabrati onaj koji najbolje odgovara va\u0161em stilu. Osim toga, kamen je izdr\u017eljiv i lako se odr\u017eava, \u0161to ga \u010dini idealnim za kori\u0161tenje na vanjskim stolovima.<\/p>\n\n\n\n<p>\u010cesme od dekorativnog kamena su tako\u0111e popularan izbor za ukra\u0161avanje dvori\u0161ta. One dolaze u razli\u010ditim stilovima i veli\u010dinama, tako da se lako mogu uklopiti u bilo koji dizajn. Kamen se mo\u017ee oblikovati u prekrasne oblike i ukrase, a voda koja prolazi kroz njih stvara opu\u0161taju\u0107i zvuk i atmosferu.<\/p>\n\n\n\n<p>Poplo\u010davanje staza dekorativnim kamenom je jedan od najpopularnijih na\u010dina ure\u0111enja vanjskog prostora. Kamen mo\u017ee biti postavljen u razli\u010dite uzorke i oblike, stvaraju\u0107i jedinstven izgled i teksturu. Osim estetskih prednosti, dekorativni kamen je tako\u0111e izdr\u017eljiv i lako se odr\u017eava, I sigurno \u0107e trajati dugi niz godina.<\/p>\n\n\n\n<p>Kao \u0161to prime\u0107ujete, dekorativni kamen ima mnogo prednosti za ukra\u0161avanje i ure\u0111enje va\u0161eg dvori\u0161ta. Od stolova i \u010desmi do staza i poplo\u010davanja, kamen \u0107e dati Va\u0161em prostoru prekrasan i prirodan izgled, a tako&nbsp; ujedno stvoriti opu\u0161taju\u0107u atmosferu u kojoj \u0107ete u\u017eivati godinama.<\/p>\n\n\n\n<figure class=\"wp-block-gallery has-nested-images columns-default is-cropped wp-block-gallery-1 is-layout-flex wp-block-gallery-is-layout-flex\">\n<figure class=\"wp-block-image size-large\"><img decoding=\"async\" width=\"768\" height=\"1024\" data-id=\"112\" src=\"https:\/\/feelstone.rs\/wp-content\/uploads\/2022\/10\/20200602_084412-1-768x1024.jpg\" alt=\"\" class=\"wp-image-112\" srcset=\"https:\/\/feelstone.rs\/wp-content\/uploads\/2022\/10\/20200602_084412-1-768x1024.jpg 768w, https:\/\/feelstone.rs\/wp-content\/uploads\/2022\/10\/20200602_084412-1-225x300.jpg 225w, https:\/\/feelstone.rs\/wp-content\/uploads\/2022\/10\/20200602_084412-1-1152x1536.jpg 1152w, https:\/\/feelstone.rs\/wp-content\/uploads\/2022\/10\/20200602_084412-1-1536x2048.jpg 1536w, https:\/\/feelstone.rs\/wp-content\/uploads\/2022\/10\/20200602_084412-1-scaled.jpg 1920w\" sizes=\"(max-width: 768px) 100vw, 768px\" \/><\/figure>\n\n\n\n<figure class=\"wp-block-image size-large\"><img decoding=\"async\" width=\"1024\" height=\"1021\" data-id=\"137\" src=\"https:\/\/feelstone.rs\/wp-content\/uploads\/2022\/11\/20201115_201207-1024x1021.jpg\" alt=\"\" class=\"wp-image-137\" srcset=\"https:\/\/feelstone.rs\/wp-content\/uploads\/2022\/11\/20201115_201207-1024x1021.jpg 1024w, https:\/\/feelstone.rs\/wp-content\/uploads\/2022\/11\/20201115_201207-300x300.jpg 300w, https:\/\/feelstone.rs\/wp-content\/uploads\/2022\/11\/20201115_201207-150x150.jpg 150w, https:\/\/feelstone.rs\/wp-content\/uploads\/2022\/11\/20201115_201207-768x765.jpg 768w, https:\/\/feelstone.rs\/wp-content\/uploads\/2022\/11\/20201115_201207-1536x1531.jpg 1536w, https:\/\/feelstone.rs\/wp-content\/uploads\/2022\/11\/20201115_201207-2048x2041.jpg 2048w\" sizes=\"(max-width: 1024px) 100vw, 1024px\" \/><\/figure>\n\n\n\n<figure class=\"wp-block-image size-large\"><img decoding=\"async\" width=\"768\" height=\"1024\" data-id=\"138\" src=\"https:\/\/feelstone.rs\/wp-content\/uploads\/2022\/11\/20210509_115744-768x1024.jpg\" alt=\"\" class=\"wp-image-138\" srcset=\"https:\/\/feelstone.rs\/wp-content\/uploads\/2022\/11\/20210509_115744-768x1024.jpg 768w, https:\/\/feelstone.rs\/wp-content\/uploads\/2022\/11\/20210509_115744-225x300.jpg 225w, https:\/\/feelstone.rs\/wp-content\/uploads\/2022\/11\/20210509_115744-1152x1536.jpg 1152w, https:\/\/feelstone.rs\/wp-content\/uploads\/2022\/11\/20210509_115744-1536x2048.jpg 1536w, https:\/\/feelstone.rs\/wp-content\/uploads\/2022\/11\/20210509_115744-scaled.jpg 1920w\" sizes=\"(max-width: 768px) 100vw, 768px\" \/><\/figure>\n\n\n\n<figure class=\"wp-block-image size-large\"><img decoding=\"async\" width=\"768\" height=\"1024\" data-id=\"140\" src=\"https:\/\/feelstone.rs\/wp-content\/uploads\/2022\/11\/20210423_222217-768x1024.jpg\" alt=\"\" class=\"wp-image-140\" srcset=\"https:\/\/feelstone.rs\/wp-content\/uploads\/2022\/11\/20210423_222217-768x1024.jpg 768w, https:\/\/feelstone.rs\/wp-content\/uploads\/2022\/11\/20210423_222217-225x300.jpg 225w, https:\/\/feelstone.rs\/wp-content\/uploads\/2022\/11\/20210423_222217-1152x1536.jpg 1152w, https:\/\/feelstone.rs\/wp-content\/uploads\/2022\/11\/20210423_222217-1536x2048.jpg 1536w, https:\/\/feelstone.rs\/wp-content\/uploads\/2022\/11\/20210423_222217-scaled.jpg 1920w\" sizes=\"(max-width: 768px) 100vw, 768px\" \/><\/figure>\n\n\n\n<figure class=\"wp-block-image size-large\"><img decoding=\"async\" width=\"1024\" height=\"768\" data-id=\"141\" src=\"https:\/\/feelstone.rs\/wp-content\/uploads\/2022\/11\/20220528_181808-1024x768.jpg\" alt=\"\" class=\"wp-image-141\" srcset=\"https:\/\/feelstone.rs\/wp-content\/uploads\/2022\/11\/20220528_181808-1024x768.jpg 1024w, https:\/\/feelstone.rs\/wp-content\/uploads\/2022\/11\/20220528_181808-300x225.jpg 300w, https:\/\/feelstone.rs\/wp-content\/uploads\/2022\/11\/20220528_181808-768x576.jpg 768w, https:\/\/feelstone.rs\/wp-content\/uploads\/2022\/11\/20220528_181808-1536x1152.jpg 1536w, https:\/\/feelstone.rs\/wp-content\/uploads\/2022\/11\/20220528_181808-2048x1536.jpg 2048w\" sizes=\"(max-width: 1024px) 100vw, 1024px\" \/><\/figure>\n\n\n\n<figure class=\"wp-block-image size-large\"><img decoding=\"async\" width=\"1024\" height=\"768\" data-id=\"142\" src=\"https:\/\/feelstone.rs\/wp-content\/uploads\/2022\/11\/20210612_185235-1024x768.jpg\" alt=\"\" class=\"wp-image-142\" srcset=\"https:\/\/feelstone.rs\/wp-content\/uploads\/2022\/11\/20210612_185235-1024x768.jpg 1024w, https:\/\/feelstone.rs\/wp-content\/uploads\/2022\/11\/20210612_185235-300x225.jpg 300w, https:\/\/feelstone.rs\/wp-content\/uploads\/2022\/11\/20210612_185235-768x576.jpg 768w, https:\/\/feelstone.rs\/wp-content\/uploads\/2022\/11\/20210612_185235-1536x1152.jpg 1536w, https:\/\/feelstone.rs\/wp-content\/uploads\/2022\/11\/20210612_185235-2048x1536.jpg 2048w\" sizes=\"(max-width: 1024px) 100vw, 1024px\" \/><\/figure>\n\n\n\n<figure class=\"wp-block-image size-large\"><img decoding=\"async\" width=\"1024\" height=\"768\" data-id=\"504\" src=\"https:\/\/feelstone.rs\/wp-content\/uploads\/2022\/11\/20220529_110729-1024x768.jpg\" alt=\"\" class=\"wp-image-504\" srcset=\"https:\/\/feelstone.rs\/wp-content\/uploads\/2022\/11\/20220529_110729-1024x768.jpg 1024w, https:\/\/feelstone.rs\/wp-content\/uploads\/2022\/11\/20220529_110729-300x225.jpg 300w, https:\/\/feelstone.rs\/wp-content\/uploads\/2022\/11\/20220529_110729-768x576.jpg 768w, https:\/\/feelstone.rs\/wp-content\/uploads\/2022\/11\/20220529_110729-1536x1152.jpg 1536w, https:\/\/feelstone.rs\/wp-content\/uploads\/2022\/11\/20220529_110729-2048x1536.jpg 2048w\" sizes=\"(max-width: 1024px) 100vw, 1024px\" \/><\/figure>\n<\/figure>\n<\/div>\n<\/div>\n<\/div>\n\n\n\n<p><\/p>\n","protected":false},"excerpt":{"rendered":"<p>KAMEN Dekorativni kamen je savr\u0161en materijal za oblikovanje stolova, \u010desmi i poplo\u010davanje staza u va\u0161em dvori\u0161tu. Ovaj prirodni materijal ima neverojatnu lepotu i dugove\u010dnost, tako da \u0107e u va\u0161em prostoru stvoriti dopadljiv i elegantan izgled. Kori\u0161tenje dekorativnog kamena za stolove omogu\u0107uje Vam da stvorite jedinstveni komad name\u0161taja. Ovaj materijal dolazi u razli\u010ditim bojama i teksturama, pa mo\u017eete odabrati onaj koji najbolje odgovara va\u0161em stilu. Osim toga, kamen je izdr\u017eljiv i lako se odr\u017eava, \u0161to ga \u010dini idealnim za kori\u0161tenje na vanjskim stolovima. \u010cesme od dekorativnog kamena su tako\u0111e popularan izbor za ukra\u0161avanje dvori\u0161ta. One dolaze u razli\u010ditim stilovima i veli\u010dinama,<\/p>\n","protected":false},"author":1,"featured_media":0,"parent":0,"menu_order":0,"comment_status":"closed","ping_status":"closed","template":"","meta":{"footnotes":""},"class_list":["post-38","page","type-page","status-publish","hentry"],"_links":{"self":[{"href":"https:\/\/feelstone.rs\/index.php?rest_route=\/wp\/v2\/pages\/38","targetHints":{"allow":["GET"]}}],"collection":[{"href":"https:\/\/feelstone.rs\/index.php?rest_route=\/wp\/v2\/pages"}],"about":[{"href":"https:\/\/feelstone.rs\/index.php?rest_route=\/wp\/v2\/types\/page"}],"author":[{"embeddable":true,"href":"https:\/\/feelstone.rs\/index.php?rest_route=\/wp\/v2\/users\/1"}],"replies":[{"embeddable":true,"href":"https:\/\/feelstone.rs\/index.php?rest_route=%2Fwp%2Fv2%2Fcomments&post=38"}],"version-history":[{"count":8,"href":"https:\/\/feelstone.rs\/index.php?rest_route=\/wp\/v2\/pages\/38\/revisions"}],"predecessor-version":[{"id":978,"href":"https:\/\/feelstone.rs\/index.php?rest_route=\/wp\/v2\/pages\/38\/revisions\/978"}],"wp:attachment":[{"href":"https:\/\/feelstone.rs\/index.php?rest_route=%2Fwp%2Fv2%2Fmedia&parent=38"}],"curies":[{"name":"wp","href":"https:\/\/api.w.org\/{rel}","templated":true}]}}